{"id":2,"date":"2017-09-28T15:33:15","date_gmt":"2017-09-28T15:33:15","guid":{"rendered":"https:\/\/naislaulajatnet.wordpress.com\/?page_id=2"},"modified":"2025-04-25T14:19:41","modified_gmt":"2025-04-25T11:19:41","slug":"esittelyt","status":"publish","type":"page","link":"https:\/\/naislaulajat.net\/gb\/esittelyt\/","title":{"rendered":"About us"},"content":{"rendered":"<h2><img loading=\"lazy\" decoding=\"async\" class=\"alignnone size-full wp-image-1572\" src=\"https:\/\/naislaulajat.net\/wp-content\/uploads\/2025\/04\/Kiipeilyverkolla_Muokattu.png\" alt=\"\" width=\"1535\" height=\"837\" srcset=\"https:\/\/naislaulajat.net\/wp-content\/uploads\/2025\/04\/Kiipeilyverkolla_Muokattu.png 1535w, https:\/\/naislaulajat.net\/wp-content\/uploads\/2025\/04\/Kiipeilyverkolla_Muokattu-300x164.png 300w, https:\/\/naislaulajat.net\/wp-content\/uploads\/2025\/04\/Kiipeilyverkolla_Muokattu-1024x558.png 1024w, https:\/\/naislaulajat.net\/wp-content\/uploads\/2025\/04\/Kiipeilyverkolla_Muokattu-768x419.png 768w\" sizes=\"auto, (max-width: 1535px) 100vw, 1535px\" \/><\/h2>\n<p><em style=\"font-size: 12px;\">Photo: Markku Jaatinen<\/em><\/p>\n<p>Jyv\u00e4skyl\u00e4 Female Choir was founded in 1952 and has about 40 singers. The choir is one of the top Finnish female choirs both in terms of skills and activity. We rehearse every week, and hold rehearsal weekends and concerts several times a year. Nowadays we are affiliated to Jyv\u00e4skyl\u00e4 Adult Education Centre. Jyv\u00e4skyl\u00e4 Female Choir Association is a member of the Finnish Female Choir Association and Sulasol.<\/p>\n<p>Jyv\u00e4skyl\u00e4 Female Choir&#8217;s repertoire focuses on newer Finnish and international women&#8217;s choral music, but we enjoy more traditional music too. Sometimes we also commission works from established and emerging Finnish composers.<\/p>\n<p><img loading=\"lazy\" decoding=\"async\" class=\"alignnone size-full wp-image-1375\" src=\"https:\/\/naislaulajat.net\/wp-content\/uploads\/2025\/03\/Ryhmakuva-metsan-reunassa.jpg\" alt=\"\" width=\"1600\" height=\"843\" srcset=\"https:\/\/naislaulajat.net\/wp-content\/uploads\/2025\/03\/Ryhmakuva-metsan-reunassa.jpg 1600w, https:\/\/naislaulajat.net\/wp-content\/uploads\/2025\/03\/Ryhmakuva-metsan-reunassa-300x158.jpg 300w, https:\/\/naislaulajat.net\/wp-content\/uploads\/2025\/03\/Ryhmakuva-metsan-reunassa-1024x540.jpg 1024w, https:\/\/naislaulajat.net\/wp-content\/uploads\/2025\/03\/Ryhmakuva-metsan-reunassa-768x405.jpg 768w, https:\/\/naislaulajat.net\/wp-content\/uploads\/2025\/03\/Ryhmakuva-metsan-reunassa-1536x809.jpg 1536w\" sizes=\"auto, (max-width: 1600px) 100vw, 1600px\" \/><em style=\"font-size: 12px;\">Photo: Markku Jaatinen<\/em><\/p>\n","protected":false},"excerpt":{"rendered":"<p>Photo: Markku Jaatinen Jyv\u00e4skyl\u00e4 Female Choir was founded in 1952 and has about 40 singers. The choir is one of [&hellip;]<\/p>\n","protected":false},"author":1,"featured_media":0,"parent":0,"menu_order":1,"comment_status":"closed","ping_status":"closed","template":"templates\/no-sidebar.php","meta":{"_monsterinsights_skip_tracking":false,"_monsterinsights_sitenote_active":false,"_monsterinsights_sitenote_note":"","_monsterinsights_sitenote_category":0,"footnotes":""},"class_list":["post-2","page","type-page","status-publish","hentry"],"translation":{"provider":"WPGlobus","version":"3.0.2","language":"gb","enabled_languages":["fi","gb"],"languages":{"fi":{"title":true,"content":true,"excerpt":false},"gb":{"title":true,"content":true,"excerpt":false}}},"aioseo_notices":[],"jetpack_sharing_enabled":false,"amp_enabled":false,"_links":{"self":[{"href":"https:\/\/naislaulajat.net\/gb\/wp-json\/wp\/v2\/pages\/2","targetHints":{"allow":["GET"]}}],"collection":[{"href":"https:\/\/naislaulajat.net\/gb\/wp-json\/wp\/v2\/pages"}],"about":[{"href":"https:\/\/naislaulajat.net\/gb\/wp-json\/wp\/v2\/types\/page"}],"author":[{"embeddable":true,"href":"https:\/\/naislaulajat.net\/gb\/wp-json\/wp\/v2\/users\/1"}],"replies":[{"embeddable":true,"href":"https:\/\/naislaulajat.net\/gb\/wp-json\/wp\/v2\/comments?post=2"}],"version-history":[{"count":68,"href":"https:\/\/naislaulajat.net\/gb\/wp-json\/wp\/v2\/pages\/2\/revisions"}],"predecessor-version":[{"id":1706,"href":"https:\/\/naislaulajat.net\/gb\/wp-json\/wp\/v2\/pages\/2\/revisions\/1706"}],"wp:attachment":[{"href":"https:\/\/naislaulajat.net\/gb\/wp-json\/wp\/v2\/media?parent=2"}],"curies":[{"name":"wp","href":"https:\/\/api.w.org\/{rel}","templated":true}]}}